{"id":2041,"date":"2020-02-02T21:09:15","date_gmt":"2020-02-02T20:09:15","guid":{"rendered":"https:\/\/nerezine.com.hr\/?page_id=2041"},"modified":"2020-02-02T21:39:07","modified_gmt":"2020-02-02T20:39:07","slug":"how-to-reach-us","status":"publish","type":"page","link":"https:\/\/nerezine.com.hr\/hr\/how-to-reach-us\/","title":{"rendered":"Kako nas prona\u0107i?"},"content":{"rendered":"<h1>DOLAZAK AUTOMOBILOM<\/h1>\n<header class=\"intro typ cf\">Cestovna povezanost sredi\u0161nje Europe s odredi\u0161tima na hrvatskoj obali sve je bolja. Tijekom ljetnih mjeseci promet na grani\u010dnim prijelazima je gu\u0161\u0107i, \u0161to mo\u017ee izazvati kra\u0107e zastoje. Za ulazak i vo\u017enju po Hrvatskoj, potrebna Vam je zelena karta osiguranja i va\u017ee\u0107a voza\u010dka dozvola. Cestarina se napla\u0107uje na autocestama i poluautocestama, te na nekim mostovima i tunelima.<\/header>\n<article class=\"content typ cf\"><strong>Iz Trsta (Italija)<\/strong><\/p>\n<div>Grani\u010dni prijelaz Pasjak - Opatija - trajektno pristani\u0161te Brestova - Porozina (kopno - otok Cres)<\/div>\n<div><strong>\u00a0<\/strong><\/div>\n<div><strong>Iz Ljubljane (Slovenija)<\/strong><\/div>\n<div>Grani\u010dni prijelaz Rupa - Rijeka - otok Krk (most) - trajektno pristani\u0161te Valbiska - Merag (otok Krk - otok Cres)<\/div>\n<div>Grani\u010dni prijelaz Rupa - Rijeka - Opatija - trajektno pristani\u0161te Brestova - Porozina (kopno - otok Cres)<\/div>\n<div><\/div>\n<div>Za dolazak u Hrvatsku preko Slovenije potrebno je kupiti vinjetu. Vi\u0161e informacija mo\u017eete doznati na: www.hak.hr<a href=\"http:\/\/www.hak.hr\" target=\"_blank\" rel=\"noopener noreferrer\">\u00a0www.hak.hr\u00a0<\/a><\/div>\n<div><\/div>\n<div><strong>Iz Zagreba (Hrvatska)<\/strong><\/div>\n<div>Rijeka - otok Krk (most) - trajektno pristani\u0161te Valbiska - Merag (otok Krk - otok Cres)<\/div>\n<div><strong>Pokretni mostovi:<\/strong><\/div>\n<div>Na otoku se nalaze dva pokretna mosta koja se otvaraju dva puta dnevno radi prolaza plovila:<\/div>\n<div>OSOR: 09.00 i 17.00 sati<\/div>\n<div>PRIVLAKA: 09.00 i 18.00 sati<\/div>\n<div><\/div>\n<div><strong>Udaljenosti:<\/strong><\/div>\n<div>Mali Lo\u0161inj &#8211; Zagreb: 255 km<\/div>\n<div>Mali Lo\u0161inj &#8211; Ljubljana: 225 km<\/div>\n<div>Mali Lo\u0161inj &#8211; Trieste: 185 km<\/div>\n<div>Mali Lo\u0161inj &#8211; Wien: 610 km<\/div>\n<div>Mali Lo\u0161inj &#8211; M\u00fcnchen: 630 km<\/div>\n<div><\/div>\n<div>Planer putovanja:\u00a0<a href=\"https:\/\/www.viamichelin.com\/web\/Routes?departure=Current%20Location&amp;departureGps=true&amp;arrival=19%20Vladimira%20Gortana%2C%2051550%20Nerezine%2C%20Croatia\" target=\"_blank\" rel=\"noopener noreferrer\">www.viamichelin.com<\/a><\/div>\n<div><\/div>\n<div><a href=\"http:\/\/visitlosinj.easyeditcms.hr\/en\/by-boat.aspx\" target=\"_blank\" rel=\"noopener noreferrer\">Vozni red brodova i trajekata<\/a><\/div>\n<div><\/div>\n<div><strong>1987\u00a0<\/strong>Besplatni broj telefona za tehni\u010dku pomo\u0107 na cesti.<\/div>\n<\/article>","protected":false},"excerpt":{"rendered":"<p>BY CAR Road traffic connections between central Europe and destinations on the Croatian seaside are improving and being invested in. In the summer months, traffic at the border crossings is more intense, which might cause shorter standstills. For entering and  [&#8230;]<\/p>\n","protected":false},"author":1,"featured_media":2042,"parent":0,"menu_order":0,"comment_status":"closed","ping_status":"closed","template":"","meta":{"footnotes":""},"class_list":["post-2041","page","type-page","status-publish","has-post-thumbnail","hentry"],"yoast_head":"<!-- This site is optimized with the Yoast SEO plugin v27.4 - https:\/\/yoast.com\/product\/yoast-seo-wordpress\/ -->\n<title>How to reach us? - Villa Iginia, Nerezine<\/title>\n<meta name=\"robots\" content=\"index, follow, max-snippet:-1, max-image-preview:large, max-video-preview:-1\" \/>\n<link rel=\"canonical\" href=\"https:\/\/nerezine.com.hr\/hr\/how-to-reach-us\/\" \/>\n<meta property=\"og:locale\" content=\"hr_HR\" \/>\n<meta property=\"og:type\" content=\"article\" \/>\n<meta property=\"og:title\" content=\"How to reach us? - Villa Iginia, Nerezine\" \/>\n<meta property=\"og:description\" content=\"BY CAR Road traffic connections between central Europe and destinations on the Croatian seaside are improving and being invested in. In the summer months, traffic at the border crossings is more intense, which might cause shorter standstills. For entering and [...]\" \/>\n<meta property=\"og:url\" content=\"https:\/\/nerezine.com.hr\/hr\/how-to-reach-us\/\" \/>\n<meta property=\"og:site_name\" content=\"Villa Iginia, Nerezine\" \/>\n<meta property=\"article:publisher\" content=\"https:\/\/www.facebook.com\/Nerezine.Losinj\/\" \/>\n<meta property=\"article:modified_time\" content=\"2020-02-02T20:39:07+00:00\" \/>\n<meta property=\"og:image\" content=\"https:\/\/i0.wp.com\/nerezine.com.hr\/wp-content\/uploads\/2020\/02\/Car-to-Losinj.jpg?fit=745%2C379&ssl=1\" \/>\n\t<meta property=\"og:image:width\" content=\"745\" \/>\n\t<meta property=\"og:image:height\" content=\"379\" \/>\n\t<meta property=\"og:image:type\" content=\"image\/jpeg\" \/>\n<meta name=\"twitter:card\" content=\"summary_large_image\" \/>\n<meta name=\"twitter:label1\" content=\"Procijenjeno vrijeme \u010ditanja\" \/>\n\t<meta name=\"twitter:data1\" content=\"1 minuta\" \/>\n<script type=\"application\/ld+json\" class=\"yoast-schema-graph\">{\"@context\":\"https:\\\/\\\/schema.org\",\"@graph\":[{\"@type\":\"WebPage\",\"@id\":\"https:\\\/\\\/nerezine.com.hr\\\/how-to-reach-us\\\/\",\"url\":\"https:\\\/\\\/nerezine.com.hr\\\/how-to-reach-us\\\/\",\"name\":\"How to reach us? - Villa Iginia, Nerezine\",\"isPartOf\":{\"@id\":\"https:\\\/\\\/nerezine.com.hr\\\/#website\"},\"primaryImageOfPage\":{\"@id\":\"https:\\\/\\\/nerezine.com.hr\\\/how-to-reach-us\\\/#primaryimage\"},\"image\":{\"@id\":\"https:\\\/\\\/nerezine.com.hr\\\/how-to-reach-us\\\/#primaryimage\"},\"thumbnailUrl\":\"https:\\\/\\\/nerezine.com.hr\\\/wp-content\\\/uploads\\\/2020\\\/02\\\/Car-to-Losinj.jpg\",\"datePublished\":\"2020-02-02T20:09:15+00:00\",\"dateModified\":\"2020-02-02T20:39:07+00:00\",\"breadcrumb\":{\"@id\":\"https:\\\/\\\/nerezine.com.hr\\\/how-to-reach-us\\\/#breadcrumb\"},\"inLanguage\":\"hr\",\"potentialAction\":[{\"@type\":\"ReadAction\",\"target\":[\"https:\\\/\\\/nerezine.com.hr\\\/how-to-reach-us\\\/\"]}]},{\"@type\":\"ImageObject\",\"inLanguage\":\"hr\",\"@id\":\"https:\\\/\\\/nerezine.com.hr\\\/how-to-reach-us\\\/#primaryimage\",\"url\":\"https:\\\/\\\/nerezine.com.hr\\\/wp-content\\\/uploads\\\/2020\\\/02\\\/Car-to-Losinj.jpg\",\"contentUrl\":\"https:\\\/\\\/nerezine.com.hr\\\/wp-content\\\/uploads\\\/2020\\\/02\\\/Car-to-Losinj.jpg\",\"width\":745,\"height\":379,\"caption\":\"Car to Lo\u0161inj\"},{\"@type\":\"BreadcrumbList\",\"@id\":\"https:\\\/\\\/nerezine.com.hr\\\/how-to-reach-us\\\/#breadcrumb\",\"itemListElement\":[{\"@type\":\"ListItem\",\"position\":1,\"name\":\"Home\",\"item\":\"https:\\\/\\\/nerezine.com.hr\\\/\"},{\"@type\":\"ListItem\",\"position\":2,\"name\":\"How to reach us?\"}]},{\"@type\":\"WebSite\",\"@id\":\"https:\\\/\\\/nerezine.com.hr\\\/#website\",\"url\":\"https:\\\/\\\/nerezine.com.hr\\\/\",\"name\":\"Villa Iginia, Nerezine\",\"description\":\"Your holiday resort\",\"potentialAction\":[{\"@type\":\"SearchAction\",\"target\":{\"@type\":\"EntryPoint\",\"urlTemplate\":\"https:\\\/\\\/nerezine.com.hr\\\/?s={search_term_string}\"},\"query-input\":{\"@type\":\"PropertyValueSpecification\",\"valueRequired\":true,\"valueName\":\"search_term_string\"}}],\"inLanguage\":\"hr\"}]}<\/script>\n<!-- \/ Yoast SEO plugin. -->","yoast_head_json":{"title":"How to reach us? - Villa Iginia, Nerezine","robots":{"index":"index","follow":"follow","max-snippet":"max-snippet:-1","max-image-preview":"max-image-preview:large","max-video-preview":"max-video-preview:-1"},"canonical":"https:\/\/nerezine.com.hr\/hr\/how-to-reach-us\/","og_locale":"hr_HR","og_type":"article","og_title":"How to reach us? - Villa Iginia, Nerezine","og_description":"BY CAR Road traffic connections between central Europe and destinations on the Croatian seaside are improving and being invested in. In the summer months, traffic at the border crossings is more intense, which might cause shorter standstills. For entering and [...]","og_url":"https:\/\/nerezine.com.hr\/hr\/how-to-reach-us\/","og_site_name":"Villa Iginia, Nerezine","article_publisher":"https:\/\/www.facebook.com\/Nerezine.Losinj\/","article_modified_time":"2020-02-02T20:39:07+00:00","og_image":[{"width":745,"height":379,"url":"https:\/\/i0.wp.com\/nerezine.com.hr\/wp-content\/uploads\/2020\/02\/Car-to-Losinj.jpg?fit=745%2C379&ssl=1","type":"image\/jpeg"}],"twitter_card":"summary_large_image","twitter_misc":{"Procijenjeno vrijeme \u010ditanja":"1 minuta"},"schema":{"@context":"https:\/\/schema.org","@graph":[{"@type":"WebPage","@id":"https:\/\/nerezine.com.hr\/how-to-reach-us\/","url":"https:\/\/nerezine.com.hr\/how-to-reach-us\/","name":"How to reach us? - Villa Iginia, Nerezine","isPartOf":{"@id":"https:\/\/nerezine.com.hr\/#website"},"primaryImageOfPage":{"@id":"https:\/\/nerezine.com.hr\/how-to-reach-us\/#primaryimage"},"image":{"@id":"https:\/\/nerezine.com.hr\/how-to-reach-us\/#primaryimage"},"thumbnailUrl":"https:\/\/nerezine.com.hr\/wp-content\/uploads\/2020\/02\/Car-to-Losinj.jpg","datePublished":"2020-02-02T20:09:15+00:00","dateModified":"2020-02-02T20:39:07+00:00","breadcrumb":{"@id":"https:\/\/nerezine.com.hr\/how-to-reach-us\/#breadcrumb"},"inLanguage":"hr","potentialAction":[{"@type":"ReadAction","target":["https:\/\/nerezine.com.hr\/how-to-reach-us\/"]}]},{"@type":"ImageObject","inLanguage":"hr","@id":"https:\/\/nerezine.com.hr\/how-to-reach-us\/#primaryimage","url":"https:\/\/nerezine.com.hr\/wp-content\/uploads\/2020\/02\/Car-to-Losinj.jpg","contentUrl":"https:\/\/nerezine.com.hr\/wp-content\/uploads\/2020\/02\/Car-to-Losinj.jpg","width":745,"height":379,"caption":"Car to Lo\u0161inj"},{"@type":"BreadcrumbList","@id":"https:\/\/nerezine.com.hr\/how-to-reach-us\/#breadcrumb","itemListElement":[{"@type":"ListItem","position":1,"name":"Home","item":"https:\/\/nerezine.com.hr\/"},{"@type":"ListItem","position":2,"name":"How to reach us?"}]},{"@type":"WebSite","@id":"https:\/\/nerezine.com.hr\/#website","url":"https:\/\/nerezine.com.hr\/","name":"Villa Iginia, Nerezine","description":"Your holiday resort","potentialAction":[{"@type":"SearchAction","target":{"@type":"EntryPoint","urlTemplate":"https:\/\/nerezine.com.hr\/?s={search_term_string}"},"query-input":{"@type":"PropertyValueSpecification","valueRequired":true,"valueName":"search_term_string"}}],"inLanguage":"hr"}]}},"_links":{"self":[{"href":"https:\/\/nerezine.com.hr\/hr\/wp-json\/wp\/v2\/pages\/2041","targetHints":{"allow":["GET"]}}],"collection":[{"href":"https:\/\/nerezine.com.hr\/hr\/wp-json\/wp\/v2\/pages"}],"about":[{"href":"https:\/\/nerezine.com.hr\/hr\/wp-json\/wp\/v2\/types\/page"}],"author":[{"embeddable":true,"href":"https:\/\/nerezine.com.hr\/hr\/wp-json\/wp\/v2\/users\/1"}],"replies":[{"embeddable":true,"href":"https:\/\/nerezine.com.hr\/hr\/wp-json\/wp\/v2\/comments?post=2041"}],"version-history":[{"count":2,"href":"https:\/\/nerezine.com.hr\/hr\/wp-json\/wp\/v2\/pages\/2041\/revisions"}],"predecessor-version":[{"id":2045,"href":"https:\/\/nerezine.com.hr\/hr\/wp-json\/wp\/v2\/pages\/2041\/revisions\/2045"}],"wp:featuredmedia":[{"embeddable":true,"href":"https:\/\/nerezine.com.hr\/hr\/wp-json\/wp\/v2\/media\/2042"}],"wp:attachment":[{"href":"https:\/\/nerezine.com.hr\/hr\/wp-json\/wp\/v2\/media?parent=2041"}],"curies":[{"name":"wp","href":"https:\/\/api.w.org\/{rel}","templated":true}]}}