{"id":2210,"date":"2021-01-05T14:16:04","date_gmt":"2021-01-05T12:16:04","guid":{"rendered":"https:\/\/nerezine.com.hr\/?page_id=2210"},"modified":"2024-06-11T15:33:16","modified_gmt":"2024-06-11T14:33:16","slug":"price","status":"publish","type":"page","link":"https:\/\/nerezine.com.hr\/hr\/price\/","title":{"rendered":"Price list"},"content":{"rendered":"<div class=\"fusion-fullwidth fullwidth-box fusion-builder-row-1 fusion-flex-container nonhundred-percent-fullwidth non-hundred-percent-height-scrolling\" style=\"--awb-border-radius-top-left:0px;--awb-border-radius-top-right:0px;--awb-border-radius-bottom-right:0px;--awb-border-radius-bottom-left:0px;--awb-flex-wrap:wrap;\" ><div class=\"fusion-builder-row fusion-row fusion-flex-align-items-flex-start fusion-flex-content-wrap\" style=\"max-width:1216.8px;margin-left: calc(-4% \/ 2 );margin-right: calc(-4% \/ 2 );\"><div class=\"fusion-layout-column fusion_builder_column fusion-builder-column-0 fusion_builder_column_3_4 3_4 fusion-flex-column\" style=\"--awb-bg-size:cover;--awb-width-large:75%;--awb-margin-top-large:0px;--awb-spacing-right-large:2.56%;--awb-margin-bottom-large:20px;--awb-spacing-left-large:2.56%;--awb-width-medium:100%;--awb-order-medium:0;--awb-spacing-right-medium:1.92%;--awb-spacing-left-medium:1.92%;--awb-width-small:100%;--awb-order-small:0;--awb-spacing-right-small:1.92%;--awb-spacing-left-small:1.92%;\"><div class=\"fusion-column-wrapper fusion-column-has-shadow fusion-flex-justify-content-flex-start fusion-content-layout-column\">\n<div class=\"table-2\">\n<table style=\"height: 254px;\" width=\"719\">\n<thead>\n<tr>\n<th align=\"left\">Razdoblje\/Period<\/th>\n<th align=\"left\">Cijena\/Price<\/th>\n<\/tr>\n<\/thead>\n<tbody>\n<tr>\n<td align=\"left\">01.03. &#8211; 31.05.<\/td>\n<td align=\"left\">250,00 \u20ac<\/td>\n<\/tr>\n<tr>\n<td align=\"left\">01.06. &#8211; 30.06.<\/td>\n<td align=\"left\">313,00 \u20ac<\/td>\n<\/tr>\n<tr>\n<td align=\"left\">01.07. &#8211; 31.08.<\/td>\n<td align=\"left\">352,00 \u20ac<\/td>\n<\/tr>\n<tr>\n<td align=\"left\">01.09. &#8211; 31.10.<\/td>\n<td align=\"left\">277,00 \u20ac<\/td>\n<\/tr>\n<tr>\n<td align=\"left\">01.11. &#8211; 20.12.<\/td>\n<td align=\"left\">275,00 \u20ac<\/td>\n<\/tr>\n<tr>\n<td align=\"left\">21.12. &#8211; 28.02.<\/td>\n<td align=\"left\">275,00 \u20ac<\/td>\n<\/tr>\n<tr>\n<td align=\"left\"><\/td>\n<td align=\"left\"><\/td>\n<\/tr>\n<\/tbody>\n<\/table>\n<\/div>\n<div style=\"text-align:center;\"><a class=\"fusion-button button-3d button-medium button-orange fusion-button-orange button-1 fusion-button-default-span\" target=\"_blank\" rel=\"noopener noreferrer\" href=\"https:\/\/nerezine.book.rentl.io\"><span class=\"fusion-button-icon-divider button-icon-divider-left\"><i class=\"fa-at fas awb-button__icon awb-button__icon--default\" aria-hidden=\"true\"><\/i><\/span><span class=\"fusion-button-text awb-button__text awb-button__text--default fusion-button-text-left\">Nudimo direktnu rezervaciju!<\/span><\/a><\/div>\n<div class=\"fusion-text fusion-text-1\"><p style=\"text-align: center;\"><strong>Cijena najma ku\u0107e za odmor po no\u0107enju za do 10 osoba (uklju\u010duju\u0107i djecu).<\/strong><\/p>\n<p style=\"text-align: center;\"><strong>The price of the vacation house per night for up to 10 people (including children).<\/strong><\/p>\n<p>* Boravi\u0161na pristojba uklju\u010dena je u cijenu smje\u0161taja \/ The tourist tax is included in the price<br \/>\n&#8211; Za najam du\u017ei od 7 dana 5% popusta na ukupan iznos najamnine\/ For lease longer than 7 days 5% discount on the total rent amount<br \/>\n&#8211; Za najam du\u017ei od 14 dana 10% popusta na ukupan iznos najamnine\/For lease longer than 14 days 10% discount on the total rent amount<br \/>\n&#8211; Ku\u0107ni ljubimci bez dodatne naplate\/Pets with no extra charge<br \/>\n* Iznajmljiva\u010d ne podlije\u017ee pla\u0107anju PDV-a prema odredbama \u010dl. 22 zakona o PDV-u<br \/>\n*Iznos unaprijed dogovorenih broja no\u0107enja pla\u0107a se odmah prilikom dolaska, prvog dana kori\u0161tenja smje\u0161taja.<\/p>\n<p>&#8220;VAT is not included in the price because this service is not VAT taxable. Reservation must be paid on the first day of arrival of the guest.&#8221;<\/p>\n<p>Cjenik je va\u017ee\u0107i od 01.01.2024. \/ This price list is valid from 01.01.2024.<\/p>\n<\/div><div style=\"text-align:center;\"><a class=\"fusion-button button-3d button-medium button-orange fusion-button-orange button-2 fusion-button-default-span\" target=\"_blank\" rel=\"noopener noreferrer\" href=\"https:\/\/nerezine.book.rentl.io\"><span class=\"fusion-button-icon-divider button-icon-divider-left\"><i class=\"fa-at fas awb-button__icon awb-button__icon--default\" aria-hidden=\"true\"><\/i><\/span><span class=\"fusion-button-text awb-button__text awb-button__text--default fusion-button-text-left\">Nudimo direktnu rezervaciju!<\/span><\/a><\/div>\n<\/div><\/div><div class=\"fusion-layout-column fusion_builder_column fusion-builder-column-1 fusion_builder_column_1_4 1_4 fusion-flex-column\" style=\"--awb-bg-size:cover;--awb-width-large:25%;--awb-margin-top-large:0px;--awb-spacing-right-large:7.68%;--awb-margin-bottom-large:20px;--awb-spacing-left-large:7.68%;--awb-width-medium:100%;--awb-order-medium:0;--awb-spacing-right-medium:1.92%;--awb-spacing-left-medium:1.92%;--awb-width-small:100%;--awb-order-small:0;--awb-spacing-right-small:1.92%;--awb-spacing-left-small:1.92%;\"><div class=\"fusion-column-wrapper fusion-column-has-shadow fusion-flex-justify-content-flex-start fusion-content-layout-column\"><div class=\"fusion-image-element\" style=\"--awb-caption-title-font-family:var(--h2_typography-font-family);--awb-caption-title-font-weight:var(--h2_typography-font-weight);--awb-caption-title-font-style:var(--h2_typography-font-style);--awb-caption-title-size:var(--h2_typography-font-size);--awb-caption-title-transform:var(--h2_typography-text-transform);--awb-caption-title-line-height:var(--h2_typography-line-height);--awb-caption-title-letter-spacing:var(--h2_typography-letter-spacing);\"><span class=\"fusion-imageframe imageframe-none imageframe-1 hover-type-none\"><img decoding=\"async\" width=\"720\" height=\"405\" alt=\"Nerezine\" title=\"kvarner-losinj-nerezine-croatia-1-720&#215;480[1]\" src=\"https:\/\/nerezine.com.hr\/wp-content\/uploads\/2020\/01\/kvarner-losinj-nerezine-croatia-1-720x4801-1.jpg\" data-orig-src=\"https:\/\/nerezine.com.hr\/wp-content\/uploads\/2020\/01\/kvarner-losinj-nerezine-croatia-1-720x4801-1.jpg\" class=\"lazyload img-responsive wp-image-2016\" srcset=\"data:image\/svg+xml,%3Csvg%20xmlns%3D%27http%3A%2F%2Fwww.w3.org%2F2000%2Fsvg%27%20width%3D%27720%27%20height%3D%27405%27%20viewBox%3D%270%200%20720%20405%27%3E%3Crect%20width%3D%27720%27%20height%3D%27405%27%20fill-opacity%3D%220%22%2F%3E%3C%2Fsvg%3E\" data-srcset=\"https:\/\/nerezine.com.hr\/wp-content\/uploads\/2020\/01\/kvarner-losinj-nerezine-croatia-1-720x4801-1-200x113.jpg 200w, https:\/\/nerezine.com.hr\/wp-content\/uploads\/2020\/01\/kvarner-losinj-nerezine-croatia-1-720x4801-1-400x225.jpg 400w, https:\/\/nerezine.com.hr\/wp-content\/uploads\/2020\/01\/kvarner-losinj-nerezine-croatia-1-720x4801-1-600x338.jpg 600w, https:\/\/nerezine.com.hr\/wp-content\/uploads\/2020\/01\/kvarner-losinj-nerezine-croatia-1-720x4801-1.jpg 720w\" data-sizes=\"auto\" data-orig-sizes=\"(max-width: 1024px) 100vw, (max-width: 640px) 100vw, 400px\" \/><\/span><\/div><\/div><\/div><\/div><\/div>","protected":false},"excerpt":{"rendered":"","protected":false},"author":1,"featured_media":2001,"parent":0,"menu_order":0,"comment_status":"closed","ping_status":"closed","template":"","meta":{"footnotes":""},"class_list":["post-2210","page","type-page","status-publish","has-post-thumbnail","hentry"],"yoast_head":"<!-- This site is optimized with the Yoast SEO plugin v25.4 - https:\/\/yoast.com\/wordpress\/plugins\/seo\/ -->\n<title>Price list - Villa Iginia, Nerezine<\/title>\n<meta name=\"description\" content=\"Price list for Villa Iginia - Cjenik Villa Iginia\" \/>\n<meta name=\"robots\" content=\"index, follow, max-snippet:-1, max-image-preview:large, max-video-preview:-1\" \/>\n<link rel=\"canonical\" href=\"https:\/\/nerezine.com.hr\/hr\/price\/\" \/>\n<meta property=\"og:locale\" content=\"hr_HR\" \/>\n<meta property=\"og:type\" content=\"article\" \/>\n<meta property=\"og:title\" content=\"Price list - Villa Iginia, Nerezine\" \/>\n<meta property=\"og:description\" content=\"Price list for Villa Iginia - Cjenik Villa Iginia\" \/>\n<meta property=\"og:url\" content=\"https:\/\/nerezine.com.hr\/hr\/price\/\" \/>\n<meta property=\"og:site_name\" content=\"Villa Iginia, Nerezine\" \/>\n<meta property=\"article:publisher\" content=\"https:\/\/www.facebook.com\/Nerezine.Losinj\/\" \/>\n<meta property=\"article:modified_time\" content=\"2024-06-11T14:33:16+00:00\" \/>\n<meta property=\"og:image\" content=\"https:\/\/nerezine.com.hr\/wp-content\/uploads\/2020\/01\/logo_VILLA-IGINIA_ver-2.png\" \/>\n\t<meta property=\"og:image:width\" content=\"1623\" \/>\n\t<meta property=\"og:image:height\" content=\"855\" \/>\n\t<meta property=\"og:image:type\" content=\"image\/png\" \/>\n<meta name=\"twitter:card\" content=\"summary_large_image\" \/>\n<meta name=\"twitter:label1\" content=\"Procijenjeno vrijeme \u010ditanja\" \/>\n\t<meta name=\"twitter:data1\" content=\"4 minute\" \/>\n<script type=\"application\/ld+json\" class=\"yoast-schema-graph\">{\"@context\":\"https:\/\/schema.org\",\"@graph\":[{\"@type\":\"WebPage\",\"@id\":\"https:\/\/nerezine.com.hr\/price\/\",\"url\":\"https:\/\/nerezine.com.hr\/price\/\",\"name\":\"Price list - Villa Iginia, Nerezine\",\"isPartOf\":{\"@id\":\"https:\/\/nerezine.com.hr\/#website\"},\"primaryImageOfPage\":{\"@id\":\"https:\/\/nerezine.com.hr\/price\/#primaryimage\"},\"image\":{\"@id\":\"https:\/\/nerezine.com.hr\/price\/#primaryimage\"},\"thumbnailUrl\":\"https:\/\/nerezine.com.hr\/wp-content\/uploads\/2020\/01\/logo_VILLA-IGINIA_ver-2.png\",\"datePublished\":\"2021-01-05T12:16:04+00:00\",\"dateModified\":\"2024-06-11T14:33:16+00:00\",\"description\":\"Price list for Villa Iginia - Cjenik Villa Iginia\",\"breadcrumb\":{\"@id\":\"https:\/\/nerezine.com.hr\/price\/#breadcrumb\"},\"inLanguage\":\"hr\",\"potentialAction\":[{\"@type\":\"ReadAction\",\"target\":[\"https:\/\/nerezine.com.hr\/price\/\"]}]},{\"@type\":\"ImageObject\",\"inLanguage\":\"hr\",\"@id\":\"https:\/\/nerezine.com.hr\/price\/#primaryimage\",\"url\":\"https:\/\/nerezine.com.hr\/wp-content\/uploads\/2020\/01\/logo_VILLA-IGINIA_ver-2.png\",\"contentUrl\":\"https:\/\/nerezine.com.hr\/wp-content\/uploads\/2020\/01\/logo_VILLA-IGINIA_ver-2.png\",\"width\":1623,\"height\":855,\"caption\":\"Villa Iginia logo\"},{\"@type\":\"BreadcrumbList\",\"@id\":\"https:\/\/nerezine.com.hr\/price\/#breadcrumb\",\"itemListElement\":[{\"@type\":\"ListItem\",\"position\":1,\"name\":\"Home\",\"item\":\"https:\/\/nerezine.com.hr\/\"},{\"@type\":\"ListItem\",\"position\":2,\"name\":\"Price list\"}]},{\"@type\":\"WebSite\",\"@id\":\"https:\/\/nerezine.com.hr\/#website\",\"url\":\"https:\/\/nerezine.com.hr\/\",\"name\":\"Villa Iginia, Nerezine\",\"description\":\"Your holiday resort\",\"potentialAction\":[{\"@type\":\"SearchAction\",\"target\":{\"@type\":\"EntryPoint\",\"urlTemplate\":\"https:\/\/nerezine.com.hr\/?s={search_term_string}\"},\"query-input\":{\"@type\":\"PropertyValueSpecification\",\"valueRequired\":true,\"valueName\":\"search_term_string\"}}],\"inLanguage\":\"hr\"}]}<\/script>\n<!-- \/ Yoast SEO plugin. -->","yoast_head_json":{"title":"Price list - Villa Iginia, Nerezine","description":"Price list for Villa Iginia - Cjenik Villa Iginia","robots":{"index":"index","follow":"follow","max-snippet":"max-snippet:-1","max-image-preview":"max-image-preview:large","max-video-preview":"max-video-preview:-1"},"canonical":"https:\/\/nerezine.com.hr\/hr\/price\/","og_locale":"hr_HR","og_type":"article","og_title":"Price list - Villa Iginia, Nerezine","og_description":"Price list for Villa Iginia - Cjenik Villa Iginia","og_url":"https:\/\/nerezine.com.hr\/hr\/price\/","og_site_name":"Villa Iginia, Nerezine","article_publisher":"https:\/\/www.facebook.com\/Nerezine.Losinj\/","article_modified_time":"2024-06-11T14:33:16+00:00","og_image":[{"width":1623,"height":855,"url":"https:\/\/nerezine.com.hr\/wp-content\/uploads\/2020\/01\/logo_VILLA-IGINIA_ver-2.png","type":"image\/png"}],"twitter_card":"summary_large_image","twitter_misc":{"Procijenjeno vrijeme \u010ditanja":"4 minute"},"schema":{"@context":"https:\/\/schema.org","@graph":[{"@type":"WebPage","@id":"https:\/\/nerezine.com.hr\/price\/","url":"https:\/\/nerezine.com.hr\/price\/","name":"Price list - Villa Iginia, Nerezine","isPartOf":{"@id":"https:\/\/nerezine.com.hr\/#website"},"primaryImageOfPage":{"@id":"https:\/\/nerezine.com.hr\/price\/#primaryimage"},"image":{"@id":"https:\/\/nerezine.com.hr\/price\/#primaryimage"},"thumbnailUrl":"https:\/\/nerezine.com.hr\/wp-content\/uploads\/2020\/01\/logo_VILLA-IGINIA_ver-2.png","datePublished":"2021-01-05T12:16:04+00:00","dateModified":"2024-06-11T14:33:16+00:00","description":"Price list for Villa Iginia - Cjenik Villa Iginia","breadcrumb":{"@id":"https:\/\/nerezine.com.hr\/price\/#breadcrumb"},"inLanguage":"hr","potentialAction":[{"@type":"ReadAction","target":["https:\/\/nerezine.com.hr\/price\/"]}]},{"@type":"ImageObject","inLanguage":"hr","@id":"https:\/\/nerezine.com.hr\/price\/#primaryimage","url":"https:\/\/nerezine.com.hr\/wp-content\/uploads\/2020\/01\/logo_VILLA-IGINIA_ver-2.png","contentUrl":"https:\/\/nerezine.com.hr\/wp-content\/uploads\/2020\/01\/logo_VILLA-IGINIA_ver-2.png","width":1623,"height":855,"caption":"Villa Iginia logo"},{"@type":"BreadcrumbList","@id":"https:\/\/nerezine.com.hr\/price\/#breadcrumb","itemListElement":[{"@type":"ListItem","position":1,"name":"Home","item":"https:\/\/nerezine.com.hr\/"},{"@type":"ListItem","position":2,"name":"Price list"}]},{"@type":"WebSite","@id":"https:\/\/nerezine.com.hr\/#website","url":"https:\/\/nerezine.com.hr\/","name":"Villa Iginia, Nerezine","description":"Your holiday resort","potentialAction":[{"@type":"SearchAction","target":{"@type":"EntryPoint","urlTemplate":"https:\/\/nerezine.com.hr\/?s={search_term_string}"},"query-input":{"@type":"PropertyValueSpecification","valueRequired":true,"valueName":"search_term_string"}}],"inLanguage":"hr"}]}},"_links":{"self":[{"href":"https:\/\/nerezine.com.hr\/hr\/wp-json\/wp\/v2\/pages\/2210","targetHints":{"allow":["GET"]}}],"collection":[{"href":"https:\/\/nerezine.com.hr\/hr\/wp-json\/wp\/v2\/pages"}],"about":[{"href":"https:\/\/nerezine.com.hr\/hr\/wp-json\/wp\/v2\/types\/page"}],"author":[{"embeddable":true,"href":"https:\/\/nerezine.com.hr\/hr\/wp-json\/wp\/v2\/users\/1"}],"replies":[{"embeddable":true,"href":"https:\/\/nerezine.com.hr\/hr\/wp-json\/wp\/v2\/comments?post=2210"}],"version-history":[{"count":5,"href":"https:\/\/nerezine.com.hr\/hr\/wp-json\/wp\/v2\/pages\/2210\/revisions"}],"predecessor-version":[{"id":2397,"href":"https:\/\/nerezine.com.hr\/hr\/wp-json\/wp\/v2\/pages\/2210\/revisions\/2397"}],"wp:featuredmedia":[{"embeddable":true,"href":"https:\/\/nerezine.com.hr\/hr\/wp-json\/wp\/v2\/media\/2001"}],"wp:attachment":[{"href":"https:\/\/nerezine.com.hr\/hr\/wp-json\/wp\/v2\/media?parent=2210"}],"curies":[{"name":"wp","href":"https:\/\/api.w.org\/{rel}","templated":true}]}}